{"id":8527,"date":"2016-11-25T15:15:48","date_gmt":"2016-11-25T14:15:48","guid":{"rendered":"http:\/\/www.frenchlines.com\/en\/product\/france\/"},"modified":"2024-10-15T16:29:55","modified_gmt":"2024-10-15T15:29:55","slug":"france","status":"publish","type":"product","link":"https:\/\/www.frenchlines.com\/en\/product\/france\/","title":{"rendered":"France 1962"},"content":{"rendered":"<p>Carte postale repr\u00e9sentant le paquebot <em>France<\/em> (1962-1977) en mer.<br \/>\n\u00c9dition originale par la Compagnie G\u00e9n\u00e9rale Transatlantique.<\/p>\n","protected":false},"excerpt":{"rendered":"<p>Carte postale repr\u00e9sentant le paquebot France (1962-1977) en mer. \u00c9dition originale par la Compagnie G\u00e9n\u00e9rale Transatlantique.<\/p>\n","protected":false},"featured_media":7927,"comment_status":"closed","ping_status":"closed","template":"","meta":[],"product_cat":[206],"product_tag":[326],"_links":{"self":[{"href":"https:\/\/www.frenchlines.com\/en\/wp-json\/wp\/v2\/product\/8527"}],"collection":[{"href":"https:\/\/www.frenchlines.com\/en\/wp-json\/wp\/v2\/product"}],"about":[{"href":"https:\/\/www.frenchlines.com\/en\/wp-json\/wp\/v2\/types\/product"}],"replies":[{"embeddable":true,"href":"https:\/\/www.frenchlines.com\/en\/wp-json\/wp\/v2\/comments?post=8527"}],"wp:featuredmedia":[{"embeddable":true,"href":"https:\/\/www.frenchlines.com\/en\/wp-json\/wp\/v2\/media\/7927"}],"wp:attachment":[{"href":"https:\/\/www.frenchlines.com\/en\/wp-json\/wp\/v2\/media?parent=8527"}],"wp:term":[{"taxonomy":"product_cat","embeddable":true,"href":"https:\/\/www.frenchlines.com\/en\/wp-json\/wp\/v2\/product_cat?post=8527"},{"taxonomy":"product_tag","embeddable":true,"href":"https:\/\/www.frenchlines.com\/en\/wp-json\/wp\/v2\/product_tag?post=8527"}],"curies":[{"name":"wp","href":"https:\/\/api.w.org\/{rel}","templated":true}]}}