{"id":7575,"date":"2016-10-10T11:16:04","date_gmt":"2016-10-10T10:16:04","guid":{"rendered":"http:\/\/www.frenchlines.com\/en\/product\/carte-postale-ile-de-france\/"},"modified":"2024-10-15T17:23:49","modified_gmt":"2024-10-15T16:23:49","slug":"carte-postale-ile-de-france","status":"publish","type":"product","link":"https:\/\/www.frenchlines.com\/en\/product\/carte-postale-ile-de-france\/","title":{"rendered":"\u00cele de France"},"content":{"rendered":"<p>Carte postale repr\u00e9sentant le paquebot<em> \u00cele de France<\/em> en mer.<br \/>\n\u00c9dition originale par la Compagnie G\u00e9n\u00e9rale Transatlantique.<\/p>\n","protected":false},"excerpt":{"rendered":"<p>Carte postale repr\u00e9sentant le paquebot<em> \u00cele de France<\/em> en mer.<br \/>\n\u00c9dition originale par la Compagnie G\u00e9n\u00e9rale Transatlantique.<\/p>\n","protected":false},"featured_media":7897,"comment_status":"closed","ping_status":"closed","template":"","meta":[],"product_cat":[206],"product_tag":[],"_links":{"self":[{"href":"https:\/\/www.frenchlines.com\/en\/wp-json\/wp\/v2\/product\/7575"}],"collection":[{"href":"https:\/\/www.frenchlines.com\/en\/wp-json\/wp\/v2\/product"}],"about":[{"href":"https:\/\/www.frenchlines.com\/en\/wp-json\/wp\/v2\/types\/product"}],"replies":[{"embeddable":true,"href":"https:\/\/www.frenchlines.com\/en\/wp-json\/wp\/v2\/comments?post=7575"}],"wp:featuredmedia":[{"embeddable":true,"href":"https:\/\/www.frenchlines.com\/en\/wp-json\/wp\/v2\/media\/7897"}],"wp:attachment":[{"href":"https:\/\/www.frenchlines.com\/en\/wp-json\/wp\/v2\/media?parent=7575"}],"wp:term":[{"taxonomy":"product_cat","embeddable":true,"href":"https:\/\/www.frenchlines.com\/en\/wp-json\/wp\/v2\/product_cat?post=7575"},{"taxonomy":"product_tag","embeddable":true,"href":"https:\/\/www.frenchlines.com\/en\/wp-json\/wp\/v2\/product_tag?post=7575"}],"curies":[{"name":"wp","href":"https:\/\/api.w.org\/{rel}","templated":true}]}}