{"id":2599,"date":"2015-12-18T11:04:40","date_gmt":"2015-12-18T10:04:40","guid":{"rendered":"http:\/\/www.frenchlines.com\/product\/antilles-liner-poster\/"},"modified":"2020-11-30T15:01:30","modified_gmt":"2020-11-30T14:01:30","slug":"antilles-liner-poster-2","status":"publish","type":"product","link":"https:\/\/www.frenchlines.com\/en\/product\/antilles-liner-poster-2\/","title":{"rendered":"Antilles Liner Poster"},"content":{"rendered":"<p> Original poster: \u201cC\u2019est toujours F\u00eate\u2026 \u00e0 bord des paquebots de la Cie Gle Transatlantique\u201d [Always a Party\u2014On board the Cie Gle Transatlantique Liners], created by Ren\u00e9 Bouvard (1910-2008). Printed by the Compagnie G\u00e9n\u00e9rale Transatlantique.<\/p>\n","protected":false},"excerpt":{"rendered":"<p>Original poster: \u201cC\u2019est toujours F\u00eate\u2026 \u00e0 bord des paquebots de la Cie Gle Transatlantique\u201d [Always a Party\u2014On board the Cie Gle Transatlantique Liners], created by Ren\u00e9 Bouvard (1910-2008). Printed by the Compagnie G\u00e9n\u00e9rale Transatlantique.<\/p>\n","protected":false},"featured_media":2600,"comment_status":"closed","ping_status":"closed","template":"","meta":[],"product_cat":[215,445,214],"product_tag":[250],"_links":{"self":[{"href":"https:\/\/www.frenchlines.com\/en\/wp-json\/wp\/v2\/product\/2599"}],"collection":[{"href":"https:\/\/www.frenchlines.com\/en\/wp-json\/wp\/v2\/product"}],"about":[{"href":"https:\/\/www.frenchlines.com\/en\/wp-json\/wp\/v2\/types\/product"}],"replies":[{"embeddable":true,"href":"https:\/\/www.frenchlines.com\/en\/wp-json\/wp\/v2\/comments?post=2599"}],"wp:featuredmedia":[{"embeddable":true,"href":"https:\/\/www.frenchlines.com\/en\/wp-json\/wp\/v2\/media\/2600"}],"wp:attachment":[{"href":"https:\/\/www.frenchlines.com\/en\/wp-json\/wp\/v2\/media?parent=2599"}],"wp:term":[{"taxonomy":"product_cat","embeddable":true,"href":"https:\/\/www.frenchlines.com\/en\/wp-json\/wp\/v2\/product_cat?post=2599"},{"taxonomy":"product_tag","embeddable":true,"href":"https:\/\/www.frenchlines.com\/en\/wp-json\/wp\/v2\/product_tag?post=2599"}],"curies":[{"name":"wp","href":"https:\/\/api.w.org\/{rel}","templated":true}]}}