{"id":2557,"date":"2015-12-18T12:26:34","date_gmt":"2015-12-18T11:26:34","guid":{"rendered":"http:\/\/www.frenchlines.com\/en\/product\/france-bookmark\/"},"modified":"2022-01-13T05:47:13","modified_gmt":"2022-01-13T04:47:13","slug":"france-bookmark","status":"publish","type":"product","link":"https:\/\/www.frenchlines.com\/en\/product\/france-bookmark\/","title":{"rendered":"France Bookmark"},"content":{"rendered":"<p>Bookmark: \u201cFrance, le plus long paquebot du monde\u201d [France, the world&#8217;s longest liner]; created by Ren\u00e9 Bouvard (1910-2008) for the France liner (1962-1977). Original edition by the Compagnie G\u00e9n\u00e9rale Transatlantique.<\/p>\n","protected":false},"excerpt":{"rendered":"<p>Bookmark: \u201cFrance, le plus long paquebot du monde\u201d [France, the world&#8217;s longest liner]; created by Ren\u00e9 Bouvard (1910-2008) for the France liner (1962-1977). Original edition by the Compagnie G\u00e9n\u00e9rale Transatlantique.<\/p>\n","protected":false},"featured_media":8267,"comment_status":"closed","ping_status":"closed","template":"","meta":[],"product_cat":[236],"product_tag":[252,326],"_links":{"self":[{"href":"https:\/\/www.frenchlines.com\/en\/wp-json\/wp\/v2\/product\/2557"}],"collection":[{"href":"https:\/\/www.frenchlines.com\/en\/wp-json\/wp\/v2\/product"}],"about":[{"href":"https:\/\/www.frenchlines.com\/en\/wp-json\/wp\/v2\/types\/product"}],"replies":[{"embeddable":true,"href":"https:\/\/www.frenchlines.com\/en\/wp-json\/wp\/v2\/comments?post=2557"}],"wp:featuredmedia":[{"embeddable":true,"href":"https:\/\/www.frenchlines.com\/en\/wp-json\/wp\/v2\/media\/8267"}],"wp:attachment":[{"href":"https:\/\/www.frenchlines.com\/en\/wp-json\/wp\/v2\/media?parent=2557"}],"wp:term":[{"taxonomy":"product_cat","embeddable":true,"href":"https:\/\/www.frenchlines.com\/en\/wp-json\/wp\/v2\/product_cat?post=2557"},{"taxonomy":"product_tag","embeddable":true,"href":"https:\/\/www.frenchlines.com\/en\/wp-json\/wp\/v2\/product_tag?post=2557"}],"curies":[{"name":"wp","href":"https:\/\/api.w.org\/{rel}","templated":true}]}}