{"id":12668,"date":"2016-07-13T15:10:48","date_gmt":"2017-07-07T10:54:56","guid":{"rendered":"http:\/\/www.frenchlines.com\/en\/?post_type=product&#038;p=12668"},"modified":"2017-07-07T11:54:56","modified_gmt":"2017-07-07T10:54:56","slug":"bookmark-les-cheminees-du-paquebot-paris","status":"publish","type":"product","link":"https:\/\/www.frenchlines.com\/en\/product\/bookmark-les-cheminees-du-paquebot-paris\/","title":{"rendered":"Bookmark &#8221; les chemin\u00e9es du paquebot Paris&#8221;"},"content":{"rendered":"<p>Bookmark inspired by a photograph\u00a0 &#8220;<em>les chemin\u00e9es du paquebot Paris&#8221;<\/em> (1921-1939) from the Compagnie G\u00e9n\u00e9rale Transatlantique.<\/p>\n","protected":false},"excerpt":{"rendered":"<p>Bookmark inspired by a photograph\u00a0 &#8220;les chemin\u00e9es du paquebot Paris&#8221; (1921-1939) from the Compagnie G\u00e9n\u00e9rale Transatlantique.<\/p>\n","protected":false},"featured_media":7978,"comment_status":"closed","ping_status":"closed","template":"","meta":[],"product_cat":[437],"product_tag":[252],"_links":{"self":[{"href":"https:\/\/www.frenchlines.com\/en\/wp-json\/wp\/v2\/product\/12668"}],"collection":[{"href":"https:\/\/www.frenchlines.com\/en\/wp-json\/wp\/v2\/product"}],"about":[{"href":"https:\/\/www.frenchlines.com\/en\/wp-json\/wp\/v2\/types\/product"}],"replies":[{"embeddable":true,"href":"https:\/\/www.frenchlines.com\/en\/wp-json\/wp\/v2\/comments?post=12668"}],"wp:featuredmedia":[{"embeddable":true,"href":"https:\/\/www.frenchlines.com\/en\/wp-json\/wp\/v2\/media\/7978"}],"wp:attachment":[{"href":"https:\/\/www.frenchlines.com\/en\/wp-json\/wp\/v2\/media?parent=12668"}],"wp:term":[{"taxonomy":"product_cat","embeddable":true,"href":"https:\/\/www.frenchlines.com\/en\/wp-json\/wp\/v2\/product_cat?post=12668"},{"taxonomy":"product_tag","embeddable":true,"href":"https:\/\/www.frenchlines.com\/en\/wp-json\/wp\/v2\/product_tag?post=12668"}],"curies":[{"name":"wp","href":"https:\/\/api.w.org\/{rel}","templated":true}]}}