{"id":12545,"date":"2017-06-21T11:56:20","date_gmt":"2017-06-21T10:56:20","guid":{"rendered":"http:\/\/www.frenchlines.com\/en\/product\/cgm-sud-caraibes-compagnie-generale-maritime\/"},"modified":"2024-10-15T15:35:39","modified_gmt":"2024-10-15T14:35:39","slug":"cgm-sud-caraibes-compagnie-generale-maritime","status":"publish","type":"product","link":"https:\/\/www.frenchlines.com\/en\/product\/cgm-sud-caraibes-compagnie-generale-maritime\/","title":{"rendered":"CGM Sud. Cara\u00efbes. Compagnie G\u00e9n\u00e9rale Maritime&#8221;."},"content":{"rendered":"<p>Affiche originale de la Compagnie G\u00e9n\u00e9rale Maritime &#8220;CGM Sud. Cara\u00efbes. Compagnie G\u00e9n\u00e9rale Maritime&#8221;.<\/p>\n","protected":false},"excerpt":{"rendered":"<p>Affiche originale de la Compagnie G\u00e9n\u00e9rale Maritime &#8220;CGM Sud. Cara\u00efbes. Compagnie G\u00e9n\u00e9rale Maritime&#8221;.<\/p>\n","protected":false},"featured_media":9395,"comment_status":"closed","ping_status":"closed","template":"","meta":[],"product_cat":[215,214],"product_tag":[390,391],"_links":{"self":[{"href":"https:\/\/www.frenchlines.com\/en\/wp-json\/wp\/v2\/product\/12545"}],"collection":[{"href":"https:\/\/www.frenchlines.com\/en\/wp-json\/wp\/v2\/product"}],"about":[{"href":"https:\/\/www.frenchlines.com\/en\/wp-json\/wp\/v2\/types\/product"}],"replies":[{"embeddable":true,"href":"https:\/\/www.frenchlines.com\/en\/wp-json\/wp\/v2\/comments?post=12545"}],"wp:featuredmedia":[{"embeddable":true,"href":"https:\/\/www.frenchlines.com\/en\/wp-json\/wp\/v2\/media\/9395"}],"wp:attachment":[{"href":"https:\/\/www.frenchlines.com\/en\/wp-json\/wp\/v2\/media?parent=12545"}],"wp:term":[{"taxonomy":"product_cat","embeddable":true,"href":"https:\/\/www.frenchlines.com\/en\/wp-json\/wp\/v2\/product_cat?post=12545"},{"taxonomy":"product_tag","embeddable":true,"href":"https:\/\/www.frenchlines.com\/en\/wp-json\/wp\/v2\/product_tag?post=12545"}],"curies":[{"name":"wp","href":"https:\/\/api.w.org\/{rel}","templated":true}]}}