{"id":12541,"date":"2017-06-21T11:20:53","date_gmt":"2017-06-21T10:46:30","guid":{"rendered":"http:\/\/www.frenchlines.com\/en\/?post_type=product&#038;p=12541"},"modified":"2020-11-30T15:01:27","modified_gmt":"2020-11-30T14:01:27","slug":"cgm-tour-du-monde-compagnie-generale-maritime","status":"publish","type":"product","link":"https:\/\/www.frenchlines.com\/en\/product\/cgm-tour-du-monde-compagnie-generale-maritime\/","title":{"rendered":"CGM Tour du monde. Compagnie G\u00e9n\u00e9rale Maritime"},"content":{"rendered":"<p>Original poster : &#8220;CGM Tour du monde. Compagnie G\u00e9n\u00e9rale Maritime&#8221;.<\/p>\n","protected":false},"excerpt":{"rendered":"<p>Original poster : &#8220;CGM Tour du monde. Compagnie G\u00e9n\u00e9rale Maritime&#8221;.<\/p>\n","protected":false},"featured_media":11030,"comment_status":"closed","ping_status":"closed","template":"","meta":[],"product_cat":[215,214],"product_tag":[390,391],"_links":{"self":[{"href":"https:\/\/www.frenchlines.com\/en\/wp-json\/wp\/v2\/product\/12541"}],"collection":[{"href":"https:\/\/www.frenchlines.com\/en\/wp-json\/wp\/v2\/product"}],"about":[{"href":"https:\/\/www.frenchlines.com\/en\/wp-json\/wp\/v2\/types\/product"}],"replies":[{"embeddable":true,"href":"https:\/\/www.frenchlines.com\/en\/wp-json\/wp\/v2\/comments?post=12541"}],"wp:featuredmedia":[{"embeddable":true,"href":"https:\/\/www.frenchlines.com\/en\/wp-json\/wp\/v2\/media\/11030"}],"wp:attachment":[{"href":"https:\/\/www.frenchlines.com\/en\/wp-json\/wp\/v2\/media?parent=12541"}],"wp:term":[{"taxonomy":"product_cat","embeddable":true,"href":"https:\/\/www.frenchlines.com\/en\/wp-json\/wp\/v2\/product_cat?post=12541"},{"taxonomy":"product_tag","embeddable":true,"href":"https:\/\/www.frenchlines.com\/en\/wp-json\/wp\/v2\/product_tag?post=12541"}],"curies":[{"name":"wp","href":"https:\/\/api.w.org\/{rel}","templated":true}]}}