{"id":12539,"date":"2017-06-21T11:23:47","date_gmt":"2017-06-21T10:23:47","guid":{"rendered":"http:\/\/www.frenchlines.com\/en\/product\/cgm-orient-compagnie-generale-maritime\/"},"modified":"2024-10-15T15:36:03","modified_gmt":"2024-10-15T14:36:03","slug":"cgm-orient-compagnie-generale-maritime","status":"publish","type":"product","link":"https:\/\/www.frenchlines.com\/en\/product\/cgm-orient-compagnie-generale-maritime\/","title":{"rendered":"CGM Orient. Compagnie G\u00e9n\u00e9rale Maritime"},"content":{"rendered":"<p>Affiche originale de la Compagnie G\u00e9n\u00e9rale Maritime &#8220;CGM Orient. Compagnie G\u00e9n\u00e9rale Maritime&#8221;.<\/p>\n","protected":false},"excerpt":{"rendered":"<p>Affiche originale de la Compagnie G\u00e9n\u00e9rale Maritime &#8220;CGM Orient. Compagnie G\u00e9n\u00e9rale Maritime&#8221;.<\/p>\n","protected":false},"featured_media":9393,"comment_status":"closed","ping_status":"closed","template":"","meta":[],"product_cat":[215,214],"product_tag":[390,391],"_links":{"self":[{"href":"https:\/\/www.frenchlines.com\/en\/wp-json\/wp\/v2\/product\/12539"}],"collection":[{"href":"https:\/\/www.frenchlines.com\/en\/wp-json\/wp\/v2\/product"}],"about":[{"href":"https:\/\/www.frenchlines.com\/en\/wp-json\/wp\/v2\/types\/product"}],"replies":[{"embeddable":true,"href":"https:\/\/www.frenchlines.com\/en\/wp-json\/wp\/v2\/comments?post=12539"}],"wp:featuredmedia":[{"embeddable":true,"href":"https:\/\/www.frenchlines.com\/en\/wp-json\/wp\/v2\/media\/9393"}],"wp:attachment":[{"href":"https:\/\/www.frenchlines.com\/en\/wp-json\/wp\/v2\/media?parent=12539"}],"wp:term":[{"taxonomy":"product_cat","embeddable":true,"href":"https:\/\/www.frenchlines.com\/en\/wp-json\/wp\/v2\/product_cat?post=12539"},{"taxonomy":"product_tag","embeddable":true,"href":"https:\/\/www.frenchlines.com\/en\/wp-json\/wp\/v2\/product_tag?post=12539"}],"curies":[{"name":"wp","href":"https:\/\/api.w.org\/{rel}","templated":true}]}}