{"id":4097,"date":"2016-01-11T16:16:43","date_gmt":"2016-01-11T15:16:43","guid":{"rendered":"http:\/\/www.frenchlines.com\/en\/action-and-support\/proposer-un-don\/"},"modified":"2018-08-27T13:56:53","modified_gmt":"2018-08-27T12:56:53","slug":"we-collect","status":"publish","type":"page","link":"https:\/\/www.frenchlines.com\/en\/action-and-support\/we-collect\/","title":{"rendered":"We collect"},"content":{"rendered":"<p>[vc_row][vc_column][vc_column_text]<strong>French Lines was created from the historical collections belonging to the largest French shipping companies, in order to promote the history of the Merchant Navy. The vast richness of this collection continues to grow, enabling a more comprehensive understanding and the broadest possible knowledge of this fascinating maritime history.<\/strong><\/p>\n<p><strong>Donations are now the main means of extending the collections and we would like to thank our many contributors for their generosity.<\/strong>[\/vc_column_text][\/vc_column][\/vc_row][vc_row][vc_column][vc_column_text]<\/p>\n<h5><strong>What items is French Lines interested in?<\/strong><\/h5>\n<p>French Lines is interested in all donations related to the history of the Merchant Navy! We receive all kinds of donations, such as: family souvenirs; shipping company archives; photographs and films; objects; instruments and uniforms used by onshore or seagoing personnel; material accounts involving all aspects of shipping company activities; artwork depicting liners and cargo ships; furniture; decor and tableware used on board vessels, etc. the list is long and by no means complete![\/vc_column_text][\/vc_column][\/vc_row][vc_row parallax_speed=&#8221;5&#8243; parallax_x=&#8221;0&#8243; parallax_y=&#8221;0&#8243; css=&#8221;.vc_custom_1458233700563{margin-top: 30px !important;}&#8221;][vc_column][vc_column_text]<strong>Here are various examples of the many donations that were recently entered into the collections:<\/strong><\/p>\n<ul>\n<li>2 first-class children&#8217;s dining chairs from the liner <em>Libert\u00e9<\/em><\/li>\n<li>16 menus from the liner <em>Paris<\/em><\/li>\n<li>1 concert program from the liner <em>F\u00e9lix Roussel<\/em><\/li>\n<li>2 cufflinks decorated with the crest from the liner <em>Normandie<\/em><\/li>\n<li>1 personnel file regarding the career of the chief engineer<\/li>\n<li>1 lithograph print from the liner <em>Panama<\/em><\/li>\n<li>4 decorative panels belonging to a first-class cabin from the liner <em>France<\/em><\/li>\n<li>1 poster depicting the ferry <em>Danielle Casanova<\/em><\/li>\n<li>1 set of photographs from the advertising department of the French Line agency in New York<\/li>\n<li>1 third-class earthenware egg cup from the liner <em>Normandie<\/em><\/li>\n<li>2 ornamental tiles from the <em>Messageries<\/em> agency in Saigon<\/li>\n<li>1 passenger list from the liner <em>France<\/em><\/li>\n<li>1 baby bib from the liner <em>Flandre<\/em><\/li>\n<li>1 set of letters between French Line, the Reverend P\u00e8re Bernardet and several contractors or artistes concerning refurbishments for the chapel of the liner <em>Libert\u00e9<\/em><\/li>\n<li>1 white jacket from a dining room waiter on board the liner<em> France<\/em><\/li>\n<li>1 Guide Bleu \u00ab <em>Les grandes croisi\u00e8res en M\u00e9diterran\u00e9e orientale<\/em> \u00bb<\/li>\n<li>2 matchbooks from the <em>Messageries Maritimes<\/em><\/li>\n<li>1 centennial brochure from the <em>Compagnie G\u00e9n\u00e9rale Transatlantique<\/em><\/li>\n<\/ul>\n<p>[\/vc_column_text][\/vc_column][\/vc_row][vc_row][vc_column][vc_column_text]<\/p>\n<h5>Would you like to contribute to enhancing this heritage for future generations? What is involved?<\/h5>\n<p>All proposals are carefully reviewed by scientific staff who assess their relevance in relation to what is already included in the collections. This procedure involves close cooperation between the French Lines team and the potential donor to determine the most appropriate solution for each donation proposed. If it is accepted, a donation letter will formalize your submission.<\/p>\n<p>The items, works and documents included in the French Lines collections shall be endorsed as heritage items. They will then be patiently inventoried, described and photographed; and later stored and kept at the reserves in Le Havre. Some items may also undergo restoration. As they have an inalienable status, which means they cannot be sold, donations may be studied, exhibited and lent throughout France and abroad, alongside other countless objects and become part of an exceptional heritage collection.<\/p>\n<p><strong>Would you like to make a donation to French Lines and pass on a part of maritime history for the benefit of public interest?<\/strong><\/p>\n<p><strong>Please get in touch!<\/strong><\/p>\n<p>[\/vc_column_text][\/vc_column][\/vc_row]<\/p>\n","protected":false},"excerpt":{"rendered":"<p>[vc_row][vc_column][vc_column_text]French Lines was created from the historical collections belonging to the largest French shipping companies, in order to promote the history of the Merchant Navy. The vast richness of this collection continues to grow, enabling a more comprehensive understanding and the broadest possible knowledge of this fascinating maritime history. Donations are now the main means [&hellip;]<\/p>\n","protected":false},"author":1,"featured_media":0,"parent":3663,"menu_order":0,"comment_status":"closed","ping_status":"closed","template":"","meta":[],"_links":{"self":[{"href":"https:\/\/www.frenchlines.com\/en\/wp-json\/wp\/v2\/pages\/4097"}],"collection":[{"href":"https:\/\/www.frenchlines.com\/en\/wp-json\/wp\/v2\/pages"}],"about":[{"href":"https:\/\/www.frenchlines.com\/en\/wp-json\/wp\/v2\/types\/page"}],"author":[{"embeddable":true,"href":"https:\/\/www.frenchlines.com\/en\/wp-json\/wp\/v2\/users\/1"}],"replies":[{"embeddable":true,"href":"https:\/\/www.frenchlines.com\/en\/wp-json\/wp\/v2\/comments?post=4097"}],"version-history":[{"count":4,"href":"https:\/\/www.frenchlines.com\/en\/wp-json\/wp\/v2\/pages\/4097\/revisions"}],"predecessor-version":[{"id":14146,"href":"https:\/\/www.frenchlines.com\/en\/wp-json\/wp\/v2\/pages\/4097\/revisions\/14146"}],"up":[{"embeddable":true,"href":"https:\/\/www.frenchlines.com\/en\/wp-json\/wp\/v2\/pages\/3663"}],"wp:attachment":[{"href":"https:\/\/www.frenchlines.com\/en\/wp-json\/wp\/v2\/media?parent=4097"}],"curies":[{"name":"wp","href":"https:\/\/api.w.org\/{rel}","templated":true}]}}