{"id":3663,"date":"2016-01-11T16:10:58","date_gmt":"2016-01-11T15:10:58","guid":{"rendered":"http:\/\/www.frenchlines.com\/en\/agir-et-soutenir\/"},"modified":"2016-06-02T13:34:33","modified_gmt":"2016-06-02T12:34:33","slug":"action-and-support","status":"publish","type":"page","link":"https:\/\/www.frenchlines.com\/en\/action-and-support\/","title":{"rendered":"Action and Support"},"content":{"rendered":"<p>[vc_row parallax_speed=&#8221;5&#8243; parallax_x=&#8221;0&#8243; parallax_y=&#8221;0&#8243; css=&#8221;.vc_custom_1452615502460{margin-bottom: 20px !important;}&#8221;][vc_column][vc_column_text]<strong>Agir \u00e0 nos c\u00f4t\u00e9s et nous soutenir, c\u2019est devenir acteur du patrimoine maritime\u00a0!<br \/>\n<\/strong>Votre contribution peut prendre diff\u00e9rentes formes\u00a0:[\/vc_column_text][\/vc_column][\/vc_row][vc_row parallax_speed=&#8221;5&#8243; parallax_x=&#8221;0&#8243; parallax_y=&#8221;0&#8243; css=&#8221;.vc_custom_1452614887298{margin-bottom: 30px !important;}&#8221;][vc_column width=&#8221;5\/6&#8243;][vc_column_text]<\/p>\n<h3>Become a Member<\/h3>\n<p>[\/vc_column_text][vc_separator color=&#8221;black&#8221; style=&#8221;dotted&#8221; css=&#8221;.vc_custom_1452525952543{margin-top: 5px !important;margin-bottom: 15px !important;}&#8221;][vc_column_text css=&#8221;.vc_custom_1458553405125{margin-bottom: 15px !important;}&#8221;]Become a member and provide regular support to a dynamic team of employees and volunteers that strive to ensure the future of the collections on a daily basis.[\/vc_column_text][vc_btn title=&#8221;Become a Member&#8221; style=&#8221;custom&#8221; custom_background=&#8221;#e52c2f&#8221; custom_text=&#8221;#ffffff&#8221; size=&#8221;sm&#8221; i_icon_fontawesome=&#8221;fa fa-external-link&#8221; add_icon=&#8221;true&#8221; link=&#8221;url:http%3A%2F%2Fwww.frenchlines.com%2Fen%2Faction-and-support%2Fbecome-a-member%2F|title:Become%20a%20member|&#8221;][\/vc_column][vc_column width=&#8221;1\/6&#8243;][vc_single_image image=&#8221;1324&#8243; img_size=&#8221;large&#8221; onclick=&#8221;custom_link&#8221; css=&#8221;.vc_custom_1464870825538{margin-top: 25px !important;}&#8221; link=&#8221;\/action-and-support\/become-a-member&#8221;][\/vc_column][\/vc_row][vc_row parallax_speed=&#8221;5&#8243; parallax_x=&#8221;0&#8243; parallax_y=&#8221;0&#8243; css=&#8221;.vc_custom_1452614892626{margin-bottom: 30px !important;}&#8221;][vc_column width=&#8221;5\/6&#8243;][vc_column_text]<\/p>\n<h3>Make a financial donation<\/h3>\n<p>[\/vc_column_text][vc_separator color=&#8221;black&#8221; style=&#8221;dotted&#8221; css=&#8221;.vc_custom_1452525952543{margin-top: 5px !important;margin-bottom: 15px !important;}&#8221;][vc_column_text css=&#8221;.vc_custom_1464871012286{margin-bottom: 15px !important;}&#8221;]Support our activities through a financial donation for the continuous preservation and development of our heritage presented throughout France and the world.[\/vc_column_text][vc_btn title=&#8221;Make a financial donation&#8221; style=&#8221;custom&#8221; custom_background=&#8221;#e52c2f&#8221; custom_text=&#8221;#ffffff&#8221; size=&#8221;sm&#8221; i_icon_fontawesome=&#8221;fa fa-external-link&#8221; add_icon=&#8221;true&#8221; link=&#8221;url:http%3A%2F%2Fwww.frenchlines.com%2Fen%2Faction-and-support%2Fmake_a_financial_donation%2F|title:Faire%20un%20don%20financier|&#8221;][\/vc_column][vc_column width=&#8221;1\/6&#8243;][vc_single_image image=&#8221;1325&#8243; img_size=&#8221;large&#8221; onclick=&#8221;custom_link&#8221; css=&#8221;.vc_custom_1464870857111{margin-top: 25px !important;}&#8221; link=&#8221;\/action-and-support\/make_a_financial_donation&#8221;][\/vc_column][\/vc_row][vc_row parallax_speed=&#8221;5&#8243; parallax_x=&#8221;0&#8243; parallax_y=&#8221;0&#8243; css=&#8221;.vc_custom_1452614925839{margin-bottom: 60px !important;}&#8221;][vc_column width=&#8221;5\/6&#8243;][vc_column_text]<\/p>\n<h3>Make a donation<\/h3>\n<p>[\/vc_column_text][vc_separator color=&#8221;black&#8221; style=&#8221;dotted&#8221; css=&#8221;.vc_custom_1452525952543{margin-top: 5px !important;margin-bottom: 15px !important;}&#8221;][vc_column_text css=&#8221;.vc_custom_1464871052136{margin-bottom: 15px !important;}&#8221;]French Lines was created from the historical collections belonging to the largest French shipping companies, in order to promote the history of the Merchant Navy. The vast richness of this collection continues to grow, enabling a more comprehensive understanding and the broadest possible knowledge of this fascinating maritime history.[\/vc_column_text][vc_btn title=&#8221;Make a donation&#8221; style=&#8221;custom&#8221; custom_background=&#8221;#e52c2f&#8221; custom_text=&#8221;#ffffff&#8221; size=&#8221;sm&#8221; i_icon_fontawesome=&#8221;fa fa-external-link&#8221; add_icon=&#8221;true&#8221; link=&#8221;url:http%3A%2F%2Fwww.frenchlines.com%2Fen%2Faction-and-support%2Fwe-collect%2F|title:Proposer%20un%20don|&#8221;][\/vc_column][vc_column width=&#8221;1\/6&#8243;][vc_single_image image=&#8221;1328&#8243; img_size=&#8221;large&#8221; onclick=&#8221;custom_link&#8221; css=&#8221;.vc_custom_1464870964331{margin-top: 25px !important;}&#8221; link=&#8221;\/action-and-support\/we-collect&#8221;][\/vc_column][\/vc_row]<\/p>\n","protected":false},"excerpt":{"rendered":"<p>[vc_row parallax_speed=&#8221;5&#8243; parallax_x=&#8221;0&#8243; parallax_y=&#8221;0&#8243; css=&#8221;.vc_custom_1452615502460{margin-bottom: 20px !important;}&#8221;][vc_column][vc_column_text]Agir \u00e0 nos c\u00f4t\u00e9s et nous soutenir, c\u2019est devenir acteur du patrimoine maritime\u00a0! Votre contribution peut prendre diff\u00e9rentes formes\u00a0:[\/vc_column_text][\/vc_column][\/vc_row][vc_row parallax_speed=&#8221;5&#8243; parallax_x=&#8221;0&#8243; parallax_y=&#8221;0&#8243; css=&#8221;.vc_custom_1452614887298{margin-bottom: 30px !important;}&#8221;][vc_column width=&#8221;5\/6&#8243;][vc_column_text] Become a Member [\/vc_column_text][vc_separator color=&#8221;black&#8221; style=&#8221;dotted&#8221; css=&#8221;.vc_custom_1452525952543{margin-top: 5px !important;margin-bottom: 15px !important;}&#8221;][vc_column_text css=&#8221;.vc_custom_1458553405125{margin-bottom: 15px !important;}&#8221;]Become a member and provide regular support to a dynamic [&hellip;]<\/p>\n","protected":false},"author":1,"featured_media":0,"parent":0,"menu_order":0,"comment_status":"closed","ping_status":"closed","template":"","meta":[],"_links":{"self":[{"href":"https:\/\/www.frenchlines.com\/en\/wp-json\/wp\/v2\/pages\/3663"}],"collection":[{"href":"https:\/\/www.frenchlines.com\/en\/wp-json\/wp\/v2\/pages"}],"about":[{"href":"https:\/\/www.frenchlines.com\/en\/wp-json\/wp\/v2\/types\/page"}],"author":[{"embeddable":true,"href":"https:\/\/www.frenchlines.com\/en\/wp-json\/wp\/v2\/users\/1"}],"replies":[{"embeddable":true,"href":"https:\/\/www.frenchlines.com\/en\/wp-json\/wp\/v2\/comments?post=3663"}],"version-history":[{"count":4,"href":"https:\/\/www.frenchlines.com\/en\/wp-json\/wp\/v2\/pages\/3663\/revisions"}],"predecessor-version":[{"id":6179,"href":"https:\/\/www.frenchlines.com\/en\/wp-json\/wp\/v2\/pages\/3663\/revisions\/6179"}],"wp:attachment":[{"href":"https:\/\/www.frenchlines.com\/en\/wp-json\/wp\/v2\/media?parent=3663"}],"curies":[{"name":"wp","href":"https:\/\/api.w.org\/{rel}","templated":true}]}}