{"id":3461,"date":"2016-03-18T10:47:19","date_gmt":"2016-03-18T09:47:19","guid":{"rendered":"http:\/\/www.frenchlines.com\/en\/?page_id=3461"},"modified":"2016-03-18T10:48:08","modified_gmt":"2016-03-18T09:48:08","slug":"what-is-the-french-lines-shop","status":"publish","type":"page","link":"https:\/\/www.frenchlines.com\/en\/what-is-the-french-lines-shop\/","title":{"rendered":"What is the French Lines Shop?"},"content":{"rendered":"<p>[vc_row][vc_column][vc_column_text]<\/p>\n<p>French Lines offers a wide range of original objects from larger vessels belonging to the Compagnie G\u00e9n\u00e9rale Transatlantique and the Messageries Maritimes! <\/p>\n<p>Having inherited historical collections from the Compagnie G\u00e9n\u00e9rale Maritime (CGM) and Soci\u00e9t\u00e9 Nationale Corse M\u00e9diterran\u00e9e (SNCM), both derived from Transat and Messageries, and whose objective is acquiring heritage from other French companies, French Lines possesses several sets of certain original items. Several copies of each item are kept in the heritage collections. These copies are protected, meaning that they cannot be sold.<\/p>\n<p>However, certain pieces that French Lines has inherited a significant amount of, such as complete series of menus, posters, promotional items and tableware, are available to buy. The proceeds from the sale of these items is exclusively reserved for the development, preservation and enhancement of historic collections.<\/p>\n<p>As such, you can now purchase rare and authentic pieces from some of the most iconic companies of the French Merchant Navy!<\/p>\n<p>Our store offers you a large range of products, including brochures, posters, postcards, printed menus, medals, magazines, promotional items and original silverware. This wide selection of items are a piece of sentiment that will make your gifts so original.<\/p>\n<p>An entire range of souvenirs are also available: stationary, postcards and posters inspired by original artwork, reproductions of photographs and watercolors, as well as films and several books devoted to shipping companies and the history of the Merchant Navy. <\/p>\n<p>Your purchases help fund scientific activities for the conservation, development and restoration of collections that are carried out daily by French Lines.<\/p>\n<p>Visit our shop and don&#8217;t wait any longer to own a piece of history!<\/p>\n<p><strong>Our shop at Le Havre<\/strong><br \/>\nDiscover our gift shop at the headquarters in Le Havre, where you can find a selection of original items and souvenirs! All items listed on this website are available at our shop in Le Havre, as well as some rarer or more fragile pieces that may only be sold on the spot. Contact us for further information!<\/p>\n<p>French Lines<br \/>\n54 rue Louis Richard<br \/>\n76600 Le Havre<br \/>\nPhone: +33(0)2 35 24 19 13<br \/>\nboutique@frenchlines.com<\/p>\n<p>Opening hours: Monday to Friday, 9:00 a.m. to 1:00 p.m. and 2:00 p.m. to 5:00 p.m.[\/vc_column_text][\/vc_column][\/vc_row]<\/p>\n","protected":false},"excerpt":{"rendered":"<p>[vc_row][vc_column][vc_column_text] French Lines offers a wide range of original objects from larger vessels belonging to the Compagnie G\u00e9n\u00e9rale Transatlantique and the Messageries Maritimes! Having inherited historical collections from the Compagnie G\u00e9n\u00e9rale Maritime (CGM) and Soci\u00e9t\u00e9 Nationale Corse M\u00e9diterran\u00e9e (SNCM), both derived from Transat and Messageries, and whose objective is acquiring heritage from other French companies, [&hellip;]<\/p>\n","protected":false},"author":1,"featured_media":0,"parent":0,"menu_order":0,"comment_status":"closed","ping_status":"closed","template":"","meta":[],"_links":{"self":[{"href":"https:\/\/www.frenchlines.com\/en\/wp-json\/wp\/v2\/pages\/3461"}],"collection":[{"href":"https:\/\/www.frenchlines.com\/en\/wp-json\/wp\/v2\/pages"}],"about":[{"href":"https:\/\/www.frenchlines.com\/en\/wp-json\/wp\/v2\/types\/page"}],"author":[{"embeddable":true,"href":"https:\/\/www.frenchlines.com\/en\/wp-json\/wp\/v2\/users\/1"}],"replies":[{"embeddable":true,"href":"https:\/\/www.frenchlines.com\/en\/wp-json\/wp\/v2\/comments?post=3461"}],"version-history":[{"count":1,"href":"https:\/\/www.frenchlines.com\/en\/wp-json\/wp\/v2\/pages\/3461\/revisions"}],"predecessor-version":[{"id":3462,"href":"https:\/\/www.frenchlines.com\/en\/wp-json\/wp\/v2\/pages\/3461\/revisions\/3462"}],"wp:attachment":[{"href":"https:\/\/www.frenchlines.com\/en\/wp-json\/wp\/v2\/media?parent=3461"}],"curies":[{"name":"wp","href":"https:\/\/api.w.org\/{rel}","templated":true}]}}