{"id":2494,"date":"2016-03-15T12:19:24","date_gmt":"2016-03-15T11:19:24","guid":{"rendered":"http:\/\/www.frenchlines.com\/en\/?page_id=2494"},"modified":"2017-01-05T15:00:40","modified_gmt":"2017-01-05T14:00:40","slug":"french-lines","status":"publish","type":"page","link":"https:\/\/www.frenchlines.com\/en\/french-lines\/","title":{"rendered":"French Lines"},"content":{"rendered":"<p>[vc_row][vc_column][vc_column_text]<\/p>\n<h3>French shipping company history and heritage<\/h3>\n<p>[\/vc_column_text][\/vc_column][\/vc_row][vc_row parallax_speed=&#8221;5&#8243; parallax_x=&#8221;0&#8243; parallax_y=&#8221;0&#8243; css=&#8221;.vc_custom_1449070007039{margin-top: 30px !important;}&#8221;][vc_column width=&#8221;2\/3&#8243;][vc_column_text]Created in 1995 to preserve and promote historical collections from the <em>Compagnie G\u00e9n\u00e9rale Maritime (CGM)<\/em> and <em>Soci\u00e9t\u00e9 Nationale Corse M\u00e9diterran\u00e9e<\/em> (SNCM), both derived from the <em>Compagnie G\u00e9n\u00e9rale Transatlantique<\/em> and <em>Compagnie des Messageries Maritimes<\/em>, French Lines is committed to studying the history of the French Merchant Navy and maintaining the memory of the companies and people who have worked in every facet of national and international maritime trade.<\/p>\n<p>With its wealth of archives, photographs, films, sound and collections; French Lines members, employees and volunteers work together to widely publicize all aspects and dimensions of this vast history through screenings, conferences, publications and its many traveling exhibitions.[\/vc_column_text][vc_btn title=&#8221;Download our brochure&#8221; style=&#8221;custom&#8221; custom_background=&#8221;#e52c2f&#8221; custom_text=&#8221;#ffffff&#8221; size=&#8221;sm&#8221; align=&#8221;left&#8221; i_icon_fontawesome=&#8221;fa fa-file-pdf-o&#8221; add_icon=&#8221;true&#8221; css=&#8221;.vc_custom_1458547743732{margin-top: 30px !important;}&#8221; link=&#8221;url:http%3A%2F%2Fwww.frenchlines.com%2Fwp-content%2Fuploads%2F2016%2F02%2FEnglish_brochure.pdf|title:Download%20our%20brochure|target:%20_blank&#8221;][\/vc_column][vc_column width=&#8221;1\/3&#8243;][vc_single_image image=&#8221;3717&#8243; img_size=&#8221;large&#8221;][\/vc_column][\/vc_row][vc_row parallax_speed=&#8221;5&#8243; parallax_x=&#8221;0&#8243; parallax_y=&#8221;0&#8243; css=&#8221;.vc_custom_1449068770233{margin-top: 60px !important;}&#8221;][vc_column][vc_column_text]<\/p>\n<h3>Organization<\/h3>\n<p>Public interest association under Act dated July 01, 1901, French Lines is managed by a Board that is appointed every year and by a Board of Directors composed of 16 members: 2 members represent the founding shipping companies and 7 members represent the shareholders, while the other 7 are qualified individuals. The Board of Directors at French Lines is renewed every 5 years.[\/vc_column_text][vc_btn title=&#8221;Download our articles of association&#8221; style=&#8221;custom&#8221; custom_background=&#8221;#e52c2f&#8221; custom_text=&#8221;#ffffff&#8221; size=&#8221;sm&#8221; align=&#8221;left&#8221; i_icon_fontawesome=&#8221;fa fa-file-pdf-o&#8221; add_icon=&#8221;true&#8221; css=&#8221;.vc_custom_1458040924671{margin-top: 30px !important;}&#8221; link=&#8221;url:http%3A%2F%2Fwww.frenchlines.com%2Fwp-content%2Fuploads%2F2015%2F05%2FFrench-Lines-Statuts.pdf|title:Download%20our%20articles%20of%20association|target:%20_blank&#8221;][vc_btn title=&#8221;Download the composition of the Board and Board of Directors&#8221; style=&#8221;custom&#8221; custom_background=&#8221;#e52c2f&#8221; custom_text=&#8221;#ffffff&#8221; size=&#8221;sm&#8221; align=&#8221;left&#8221; i_icon_fontawesome=&#8221;fa fa-file-pdf-o&#8221; add_icon=&#8221;true&#8221; css=&#8221;.vc_custom_1483624838984{margin-top: 30px !important;}&#8221; link=&#8221;url:http%3A%2F%2Fwww.frenchlines.com%2Fwp-content%2Fuploads%2F2016%2F12%2F20161207_administrateurs_bureau.pdf|title:Download%20the%20composition%20of%20the%20Board%20and%20Board%20of%20Directors|target:%20_blank&#8221;][\/vc_column][\/vc_row][vc_row parallax_speed=&#8221;5&#8243; parallax_x=&#8221;0&#8243; parallax_y=&#8221;0&#8243; css=&#8221;.vc_custom_1458832607471{margin-top: 60px !important;padding-top: 0px !important;padding-right: 20px !important;padding-bottom: 20px !important;padding-left: 20px !important;background-color: #e9dab4 !important;border-radius: 3px !important;}&#8221;][vc_column][vc_column_text css=&#8221;.vc_custom_1458040952734{margin-top: 30px !important;}&#8221;]<\/p>\n<div class=\"lc\">\n<p class=\"no-margin-top\">French Lines is brought together by its work and heritage shared by various members and volunteers both in France and abroad. They support its activities on a daily basis and are essential to its growth and proper development of operations.<\/p>\n<\/div>\n<p>[\/vc_column_text][vc_btn title=&#8221;Become a member&#8221; style=&#8221;custom&#8221; custom_background=&#8221;#252c3c&#8221; custom_text=&#8221;#ffffff&#8221; align=&#8221;left&#8221; i_icon_fontawesome=&#8221;fa fa-anchor&#8221; css=&#8221;.vc_custom_1458554740001{margin-top: 30px !important;}&#8221; add_icon=&#8221;true&#8221; link=&#8221;url:http%3A%2F%2Fwww.frenchlines.com%2Fen%2Faction-and-support%2Fbecome-a-member%2F|title:Become%20a%20member|&#8221;][\/vc_column][\/vc_row]<\/p>\n","protected":false},"excerpt":{"rendered":"<p>[vc_row][vc_column][vc_column_text] French shipping company history and heritage [\/vc_column_text][\/vc_column][\/vc_row][vc_row parallax_speed=&#8221;5&#8243; parallax_x=&#8221;0&#8243; parallax_y=&#8221;0&#8243; css=&#8221;.vc_custom_1449070007039{margin-top: 30px !important;}&#8221;][vc_column width=&#8221;2\/3&#8243;][vc_column_text]Created in 1995 to preserve and promote historical collections from the Compagnie G\u00e9n\u00e9rale Maritime (CGM) and Soci\u00e9t\u00e9 Nationale Corse M\u00e9diterran\u00e9e (SNCM), both derived from the Compagnie G\u00e9n\u00e9rale Transatlantique and Compagnie des Messageries Maritimes, French Lines is committed to studying the history [&hellip;]<\/p>\n","protected":false},"author":1,"featured_media":0,"parent":0,"menu_order":0,"comment_status":"open","ping_status":"closed","template":"","meta":[],"_links":{"self":[{"href":"https:\/\/www.frenchlines.com\/en\/wp-json\/wp\/v2\/pages\/2494"}],"collection":[{"href":"https:\/\/www.frenchlines.com\/en\/wp-json\/wp\/v2\/pages"}],"about":[{"href":"https:\/\/www.frenchlines.com\/en\/wp-json\/wp\/v2\/types\/page"}],"author":[{"embeddable":true,"href":"https:\/\/www.frenchlines.com\/en\/wp-json\/wp\/v2\/users\/1"}],"replies":[{"embeddable":true,"href":"https:\/\/www.frenchlines.com\/en\/wp-json\/wp\/v2\/comments?post=2494"}],"version-history":[{"count":4,"href":"https:\/\/www.frenchlines.com\/en\/wp-json\/wp\/v2\/pages\/2494\/revisions"}],"predecessor-version":[{"id":10161,"href":"https:\/\/www.frenchlines.com\/en\/wp-json\/wp\/v2\/pages\/2494\/revisions\/10161"}],"wp:attachment":[{"href":"https:\/\/www.frenchlines.com\/en\/wp-json\/wp\/v2\/media?parent=2494"}],"curies":[{"name":"wp","href":"https:\/\/api.w.org\/{rel}","templated":true}]}}