{"id":1172,"date":"2015-12-14T10:36:36","date_gmt":"2015-12-14T09:36:36","guid":{"rendered":"http:\/\/www.frenchlines.com\/?page_id=1172"},"modified":"2016-03-16T11:47:17","modified_gmt":"2016-03-16T10:47:17","slug":"disclaimer","status":"publish","type":"page","link":"https:\/\/www.frenchlines.com\/en\/disclaimer\/","title":{"rendered":"Disclaimer"},"content":{"rendered":"<p>[vc_row][vc_column][vc_column_text]<\/p>\n<h3>Publisher information<\/h3>\n<p>FRENCH LINES<br \/>\n54 rue Louis Richard &#8211; 76600 Le Havre<br \/>\nPhone\u00a0+33 (0)2 35 24 19 13<br \/>\nEmail <a href=\"mailto:association@frenchlines.com\">association@frenchlines.com<\/a><\/p>\n<p>SIREN 404\u00a0096\u00a0349<\/p>\n<h3>Editorial management<\/h3>\n<p>\u00c9ric GIUILY<br \/>\n<em>Pr\u00e9sident<\/em><\/p>\n<h3>Hosting<\/h3>\n<p>T\u00e9\u00efc\u00e9e<br \/>\n<span class=\"_Xbe\">7 Rue Alfred Kastler<br \/>\n14000 Caen<br \/>\n<\/span><span class=\"_QUg\">Phone\u00a0+33 (0)<\/span><a class=\"fl r-iPjYxlb1DA2U\" title=\"Appeller avec Hangouts\" data-number=\"+33272341320\" data-rtid=\"iPjYxlb1DA2U\" data-ved=\"0ahUKEwjqmIaggdvJAhUEvBoKHW_ZA3gQkAgIajAP\">2 72 34 13 20<\/a><\/p>\n<h3>Photo credits<\/h3>\n<p>The visuals and photos shown on this web site are protected by the French copyright code. They are the property of French Lines\u00a0or are the subject of a specific utilization agreement.<\/p>\n<p>Visual element rights and copyrights: French Lines.<\/p>\n<h3>Copyright<\/h3>\n<p>The general portal structure, as well as the texts, photos, images and sounds that may be directly associated with the texts presenting French Lines and which are part of the portal are the property of French Lines. Under the French March 11th 1957 Act (art. 41) and the French Copyright Code of July 1st 1992, any partial or total reproduction of any kind, for collective use, is strictly prohibited without the authorization of French Lines. However, certain logos, visuals and brands shown on the web site are the property of their respective owners.<\/p>\n<p>The web user recognizes that the use of the web site is governed by French law.<\/p>\n<h3>Hypertext links and legal notices<\/h3>\n<p>French Lines regularly checks and refreshes the information on its web site. Despite all the care used in this task, data may not be updated in real time. French Lines declines any liability for the update and accuracy of the information contained on the web site at the moment the web user reads it.<\/p>\n<p>This declined liability rule for the update and accuracy of real time information also applies to any web pages to which the web site may direct using a hypertext link.<\/p>\n<h3>Data privacy<\/h3>\n<p>The personal data collected by the web site is the result of the voluntary communication of an email address when sending an electronic message. The email addresses collected in this way are only used to send the requested information (for example the newsletter). French Lines confidentially stores emails for a duration that cannot be in excess of 1 year. The collected email addresses will not be sold or transferred.<\/p>\n<p>In compliance with article 34 of the French \u201cInformatique et Libert\u00e9s\u201d (Data Privacy) Act of January 6th 1978, amended on August 6th 2004, web users have a right of access, update, correction and deletion of their personal data. This right can be exercised by making a written request and sending it to the following address:<\/p>\n<p>FRENCH LINES<br \/>\n54 rue Louis Richard &#8211; 76600 Le Havre<br \/>\nPhone\u00a0+33 (0)2 35 24 19 13<br \/>\nEmail <a href=\"mailto:association@frenchlines.com\">association@frenchlines.com<\/a><\/p>\n<p>Users are informed that when they visit the <a href=\"http:\/\/www.frenchlines.com\" target=\"_blank\">www.frenchlines.com<\/a> web site, cookies may be installed on their computer. Cookies do not make it possible to identify the user. Generally they store information on the web site pages visited using the computer (page visited, date and time of the visit) and may be used during future visits to the web site.<\/p>\n<p>Users can block the storage of cookies, or be notified before accepting cookies by configuring their computer as follows:<\/p>\n<h4>Microsoft Internet Explorer 6 and higher:<\/h4>\n<ol>\n<li>Select the \u201cTools\u201d menu, then \u201cInternet Options\u201d<\/li>\n<li>Click the \u201cConfidentiality\u201d tab<\/li>\n<li>Use the cursor to select the required level or click the \u201cAdvanced\u201d button to customize cookie management.<\/li>\n<\/ol>\n<h4>Microsoft Internet Explorer 5<\/h4>\n<ol>\n<li>Select the \u201cTools\u201d menu, then \u201cInternet Options\u201d<\/li>\n<li>Click the \u201cSecurity\u201d tab<\/li>\n<li>Select \u201cInternet\u201d, then \u201cCustom Level\u201d.<\/li>\n<li>Find the \u201ccookies\u201d section and choose the required option.<\/li>\n<\/ol>\n<h4>Firefox<\/h4>\n<ol>\n<li>Choose the \u201cTools\u201d &gt; \u201c Options\u201d menu<\/li>\n<li>Click on the \u201cPrivacy\u201d option<\/li>\n<li>\u201cCookies\u201d section<\/li>\n<\/ol>\n<h4>Opera<\/h4>\n<ol>\n<li>Choose the \u201cFile\u201d &gt; \u201cPreferences\u201d menu<\/li>\n<li>Privacy<\/li>\n<\/ol>\n<h4>Google Chrome<\/h4>\n<ol>\n<li>Click on the wrench icon in the browser toolbar.<\/li>\n<li>Select Options (Preferences under Mac and Linux, Parameters on a Chromebook).<\/li>\n<li>Choose the Advanced Options tab.<\/li>\n<li>Click the Content parameters in the \u201cConfidentiality\u201d section.<\/li>\n<li>In the Content parameter dialog box that pops up, click the Cookies tab.<\/li>\n<\/ol>\n<h3>Design and development<\/h3>\n<p>OPTEAM Interactive<br \/>\n109 bd de Strasbourg &#8211;\u00a076600 Le Havre &#8211;\u00a0France<br \/>\nPhone\u00a0+ 33 (0)2 35 21 64 44 &#8211;\u00a0Fax + 33 (0)2 35 43 44 58<br \/>\nEmail <a href=\"mailto:info@opteam.net\" target=\"_blank\">info@opteam.net<\/a> &#8211;\u00a0<a href=\"http:\/\/www.opteam-interactive.com\/\">www.opteam-interactive.com<\/a>[\/vc_column_text][\/vc_column][\/vc_row]<\/p>\n","protected":false},"excerpt":{"rendered":"<p>[vc_row][vc_column][vc_column_text] Publisher information FRENCH LINES 54 rue Louis Richard &#8211; 76600 Le Havre Phone\u00a0+33 (0)2 35 24 19 13 Email association@frenchlines.com SIREN 404\u00a0096\u00a0349 Editorial management \u00c9ric GIUILY Pr\u00e9sident Hosting T\u00e9\u00efc\u00e9e 7 Rue Alfred Kastler 14000 Caen Phone\u00a0+33 (0)2 72 34 13 20 Photo credits The visuals and photos shown on this web site are protected [&hellip;]<\/p>\n","protected":false},"author":1,"featured_media":0,"parent":0,"menu_order":0,"comment_status":"closed","ping_status":"closed","template":"","meta":[],"_links":{"self":[{"href":"https:\/\/www.frenchlines.com\/en\/wp-json\/wp\/v2\/pages\/1172"}],"collection":[{"href":"https:\/\/www.frenchlines.com\/en\/wp-json\/wp\/v2\/pages"}],"about":[{"href":"https:\/\/www.frenchlines.com\/en\/wp-json\/wp\/v2\/types\/page"}],"author":[{"embeddable":true,"href":"https:\/\/www.frenchlines.com\/en\/wp-json\/wp\/v2\/users\/1"}],"replies":[{"embeddable":true,"href":"https:\/\/www.frenchlines.com\/en\/wp-json\/wp\/v2\/comments?post=1172"}],"version-history":[{"count":3,"href":"https:\/\/www.frenchlines.com\/en\/wp-json\/wp\/v2\/pages\/1172\/revisions"}],"predecessor-version":[{"id":2534,"href":"https:\/\/www.frenchlines.com\/en\/wp-json\/wp\/v2\/pages\/1172\/revisions\/2534"}],"wp:attachment":[{"href":"https:\/\/www.frenchlines.com\/en\/wp-json\/wp\/v2\/media?parent=1172"}],"curies":[{"name":"wp","href":"https:\/\/api.w.org\/{rel}","templated":true}]}}